{"id":5,"date":"2018-09-12T06:15:32","date_gmt":"2018-09-12T06:15:32","guid":{"rendered":"https:\/\/sgwpdemo.com\/default\/?page_id=5"},"modified":"2025-02-27T21:23:51","modified_gmt":"2025-02-27T21:23:51","slug":"contact-us","status":"publish","type":"page","link":"https:\/\/southof6.org\/es\/contact-us\/","title":{"rendered":"Contacto"},"content":{"rendered":"<style>.kb-row-layout-id5_0fcc23-58 > .kt-row-column-wrap{align-content:center;}:where(.kb-row-layout-id5_0fcc23-58 > .kt-row-column-wrap) > .wp-block-kadence-column{justify-content:center;}.kb-row-layout-id5_0fcc23-58 > .kt-row-column-wrap{column-gap:var(--global-kb-gap-lg, 4rem);row-gap:var(--global-kb-gap-md, 2rem);max-width:var( --global-content-width, 1290px );padding-left:var(--global-content-edge-padding);padding-right:var(--global-content-edge-padding);padding-top:var(--global-kb-spacing-lg, 3rem);padding-bottom:var(--global-kb-spacing-xxl, 5rem);grid-template-columns:minmax(0, calc(50% - ((var(--global-kb-gap-lg, 4rem) * 1 )\/2)))minmax(0, calc(50% - ((var(--global-kb-gap-lg, 4rem) * 1 )\/2)));}.kb-row-layout-id5_0fcc23-58 > .kt-row-layout-overlay{opacity:0.30;}@media all and (max-width: 1024px){.kb-row-layout-id5_0fcc23-58 > .kt-row-column-wrap{column-gap:var(--global-kb-gap-md, 2rem);padding-top:var(--global-kb-spacing-lg, 3rem);padding-bottom:var(--global-kb-spacing-lg, 3rem);grid-template-columns:minmax(0, 1fr);}}@media all and (max-width: 767px){.kb-row-layout-id5_0fcc23-58 > .kt-row-column-wrap{padding-right:var(--global-kb-spacing-xs, 1rem);padding-left:var(--global-kb-spacing-xs, 1rem);grid-template-columns:minmax(0, 1fr);}}<\/style><div class=\"kb-row-layout-wrap kb-row-layout-id5_0fcc23-58 alignfull has-theme-palette9-background-color kt-row-has-bg wp-block-kadence-rowlayout\"><div class=\"kt-row-column-wrap kt-has-2-columns kt-row-layout-equal kt-tab-layout-row kt-mobile-layout-row kt-row-valign-middle kb-theme-content-width\">\n<style>.kadence-column5_55441e-71 > .kt-inside-inner-col{display:flex;}.kadence-column5_55441e-71 > .kt-inside-inner-col,.kadence-column5_55441e-71 > .kt-inside-inner-col:before{border-top-left-radius:0px;border-top-right-radius:0px;border-bottom-right-radius:0px;border-bottom-left-radius:0px;}.kadence-column5_55441e-71 > .kt-inside-inner-col{column-gap:var(--global-kb-gap-sm, 1rem);}.kadence-column5_55441e-71 > .kt-inside-inner-col{flex-direction:column;justify-content:center;}.kadence-column5_55441e-71 > .kt-inside-inner-col > .aligncenter{width:100%;}.kt-row-column-wrap > .kadence-column5_55441e-71{align-self:center;}.kt-inner-column-height-full:not(.kt-has-1-columns) > .wp-block-kadence-column.kadence-column5_55441e-71{align-self:auto;}.kt-inner-column-height-full:not(.kt-has-1-columns) > .wp-block-kadence-column.kadence-column5_55441e-71 > .kt-inside-inner-col{flex-direction:column;justify-content:center;}.kadence-column5_55441e-71 > .kt-inside-inner-col:before{opacity:0.3;}.kadence-column5_55441e-71{text-align:left;}.kadence-column5_55441e-71{position:relative;}@media all and (max-width: 1024px){.kt-row-column-wrap > .kadence-column5_55441e-71{align-self:center;}}@media all and (max-width: 1024px){.kt-inner-column-height-full:not(.kt-has-1-columns) > .wp-block-kadence-column.kadence-column5_55441e-71{align-self:auto;}}@media all and (max-width: 1024px){.kt-inner-column-height-full:not(.kt-has-1-columns) > .wp-block-kadence-column.kadence-column5_55441e-71 > .kt-inside-inner-col{flex-direction:column;justify-content:center;}}@media all and (max-width: 1024px){.kadence-column5_55441e-71 > .kt-inside-inner-col{flex-direction:column;justify-content:center;}}@media all and (max-width: 767px){.kt-row-column-wrap > .kadence-column5_55441e-71{align-self:center;}.kt-inner-column-height-full:not(.kt-has-1-columns) > .wp-block-kadence-column.kadence-column5_55441e-71{align-self:auto;}.kt-inner-column-height-full:not(.kt-has-1-columns) > .wp-block-kadence-column.kadence-column5_55441e-71 > .kt-inside-inner-col{flex-direction:column;justify-content:center;}.kadence-column5_55441e-71 > .kt-inside-inner-col{flex-direction:column;justify-content:center;}}<\/style>\n<div class=\"wp-block-kadence-column kadence-column5_55441e-71 kb-section-dir-vertical inner-column-1\"><div class=\"kt-inside-inner-col\"><style>.wp-block-kadence-advancedheading.kt-adv-heading5_2f7d7e-18, .wp-block-kadence-advancedheading.kt-adv-heading5_2f7d7e-18[data-kb-block=\"kb-adv-heading5_2f7d7e-18\"]{margin-top:var(--global-kb-spacing-xs, 1rem);margin-bottom:var(--global-kb-spacing-sm, 1.5rem);text-align:left;font-size:32px;line-height:1.1;font-weight:700;font-style:normal;}.wp-block-kadence-advancedheading.kt-adv-heading5_2f7d7e-18 mark.kt-highlight, .wp-block-kadence-advancedheading.kt-adv-heading5_2f7d7e-18[data-kb-block=\"kb-adv-heading5_2f7d7e-18\"] mark.kt-highlight{font-style:normal;color:#f76a0c;-webkit-box-decoration-break:clone;box-decoration-break:clone;padding-top:0px;padding-right:0px;padding-bottom:0px;padding-left:0px;}.wp-block-kadence-advancedheading.kt-adv-heading5_2f7d7e-18 img.kb-inline-image, .wp-block-kadence-advancedheading.kt-adv-heading5_2f7d7e-18[data-kb-block=\"kb-adv-heading5_2f7d7e-18\"] img.kb-inline-image{width:150px;vertical-align:baseline;}@media all and (max-width: 767px){.wp-block-kadence-advancedheading.kt-adv-heading5_2f7d7e-18, .wp-block-kadence-advancedheading.kt-adv-heading5_2f7d7e-18[data-kb-block=\"kb-adv-heading5_2f7d7e-18\"]{font-size:var(--global-kb-font-size-lg, 2rem);}}<\/style>\n<h2 class=\"kt-adv-heading5_2f7d7e-18 wp-block-kadence-advancedheading\" data-kb-block=\"kb-adv-heading5_2f7d7e-18\">Cont\u00e1ctenos<\/h2>\n\n\n<style>.wp-block-kadence-advancedheading.kt-adv-heading5_ca31eb-a7, .wp-block-kadence-advancedheading.kt-adv-heading5_ca31eb-a7[data-kb-block=\"kb-adv-heading5_ca31eb-a7\"]{margin-bottom:var(--global-kb-spacing-sm, 1.5rem);font-style:normal;}.wp-block-kadence-advancedheading.kt-adv-heading5_ca31eb-a7 mark.kt-highlight, .wp-block-kadence-advancedheading.kt-adv-heading5_ca31eb-a7[data-kb-block=\"kb-adv-heading5_ca31eb-a7\"] mark.kt-highlight{font-style:normal;color:#f76a0c;-webkit-box-decoration-break:clone;box-decoration-break:clone;padding-top:0px;padding-right:0px;padding-bottom:0px;padding-left:0px;}.wp-block-kadence-advancedheading.kt-adv-heading5_ca31eb-a7 img.kb-inline-image, .wp-block-kadence-advancedheading.kt-adv-heading5_ca31eb-a7[data-kb-block=\"kb-adv-heading5_ca31eb-a7\"] img.kb-inline-image{width:150px;vertical-align:baseline;}<\/style>\n<p class=\"kt-adv-heading5_ca31eb-a7 wp-block-kadence-advancedheading has-theme-palette-3-color has-text-color\" data-kb-block=\"kb-adv-heading5_ca31eb-a7\">\u00bfTiene preguntas o desea obtener m\u00e1s informaci\u00f3n sobre c\u00f3mo South of 6 puede ayudar a su empresa o proyecto? \u00a1Cont\u00e1ctenos hoy!<\/p>\n\n\n<style>.kb-google-maps-container5_fb02d7-70{height:450px;}<\/style><div class=\"kb-google-maps-container kb-google-maps-container5_fb02d7-70  wp-block-kadence-googlemaps\" data-mapid=\"5_fb02d770\"><iframe class=\"lazyload\" width=\"100%\" height=\"100%\"\n\t\t\t\t\t\t\tstyle=\"border:0\" loading=\"lazy\"\n\t\t\t\t\t\t\tsrc=\"https:\/\/www.google.com\/maps\/embed\/v1\/place?key=AIzaSyBAM2o7PiQqwk15LC1XRH2e_KJ-jUa7KYk&#038;zoom=17&#038;maptype=satellite&#038;q=South+District+Market+Iowa+city\"\n\t\t\t\t\t\t\ttitle=\"Mapa de Google del Mercado del Distrito Sur de Iowa City\"><\/iframe><\/div><script>function kb_google_map5_fb02d770() { let center = { lat: 37.8201, lng: -122.4781}; let map = new google.maps.Map(document.getElementById(\"kb-google-map5_fb02d770\"), {\n\t\t\t\t\t    zoom: 17,\n\t\t\t\t\t    center: center,mapTypeId: \"satellite\",});let marker = new google.maps.Marker({   position: { lat: 37.8201, lng: -122.4781},    map: map,  });}<\/script><\/div><\/div>\n\n\n<style>.kadence-column5_dbb4b4-cb > .kt-inside-inner-col{padding-top:var(--global-kb-spacing-md, 2rem);padding-right:var(--global-kb-spacing-md, 2rem);padding-bottom:var(--global-kb-spacing-md, 2rem);padding-left:var(--global-kb-spacing-md, 2rem);}.kadence-column5_dbb4b4-cb > .kt-inside-inner-col,.kadence-column5_dbb4b4-cb > .kt-inside-inner-col:before{border-top-left-radius:5px;border-top-right-radius:5px;border-bottom-right-radius:5px;border-bottom-left-radius:5px;}.kadence-column5_dbb4b4-cb > .kt-inside-inner-col{column-gap:0px;}.kadence-column5_dbb4b4-cb > .kt-inside-inner-col{flex-direction:column;}.kadence-column5_dbb4b4-cb > .kt-inside-inner-col > .aligncenter{width:100%;}.kadence-column5_dbb4b4-cb > .kt-inside-inner-col{background-color:var(--global-palette8, #F7FAFC);}.kadence-column5_dbb4b4-cb > .kt-inside-inner-col:before{opacity:0.3;}.kadence-column5_dbb4b4-cb{text-align:left;}.kadence-column5_dbb4b4-cb{position:relative;}@media all and (max-width: 1024px){.kadence-column5_dbb4b4-cb > .kt-inside-inner-col{flex-direction:column;justify-content:center;}}@media all and (max-width: 767px){.kadence-column5_dbb4b4-cb > .kt-inside-inner-col{padding-top:var(--global-kb-spacing-xs, 1rem);padding-right:var(--global-kb-spacing-xs, 1rem);padding-bottom:var(--global-kb-spacing-xs, 1rem);padding-left:var(--global-kb-spacing-xs, 1rem);flex-direction:column;justify-content:center;}}<\/style>\n<div class=\"wp-block-kadence-column kadence-column5_dbb4b4-cb kb-section-dir-vertical inner-column-2\"><div class=\"kt-inside-inner-col\"><style>.wp-block-kadence-form.kadence-form-5_d31f75-31.kb-form-wrap{margin-top:0px;}.kadence-form-5_d31f75-31 .kb-form .kadence-blocks-form-field .kb-text-style-field, .kadence-form-5_d31f75-31 .kb-form .kadence-blocks-form-field .kb-select-style-field{color:var(--global-palette4, #2D3748);border-radius:0px;line-height:1px;border-width:0px 0px 1.5px 0px;background:var(--global-palette9, #ffffff);border-color:var(--global-palette3, #1A202C);}.kadence-form-5_d31f75-31 .kb-form .kadence-blocks-form-field > label{color:var(--global-palette6, #718096);}.kb-form input.kadence-blocks-field.verify{opacity:0.0;position:absolute;top:0.0;left:0.0;width:0.0;height:0.0;z-index:-1;}<\/style>\n<div class=\"wp-block-kadence-form kadence-form-5_d31f75-31 kb-form-wrap\"><form class=\"kb-form\" action=\"\" method=\"post\" data-trp-original-action=\"\"><div class=\"kadence-blocks-form-field kb-field-desk-width-100 kb-input-size-standard\"><label for=\"kb_field_5_d31f75-31_0\">Nombre completo<span class=\"required\">*<\/span><\/label><input name=\"kb_field_0\" id=\"kb_field_5_d31f75-31_0\" data-label=\"Full Name\" type=\"text\" placeholder=\"\" value=\"\" data-type=\"text\" class=\"kb-field kb-text-style-field kb-text-field kb-field-0\" data-required=\"yes\"\/><\/div><div class=\"kadence-blocks-form-field kb-form-field-1 kb-field-desk-width-100 kb-input-size-standard\"><label for=\"kb_field_5_d31f75-31_1\">Correo electr\u00f3nico<span class=\"required\">*<\/span><\/label><input name=\"kb_field_1\" id=\"kb_field_5_d31f75-31_1\" data-label=\"Email\" type=\"email\" placeholder=\"\" value=\"\" data-type=\"email\" class=\"kb-field kb-text-style-field kb-email-field kb-field-1\" data-required=\"yes\"\/><\/div><div class=\"kadence-blocks-form-field kb-form-field-2 kb-field-desk-width-50 kb-field-mobile-width-100 kb-input-size-standard\"><label for=\"kb_field_5_d31f75-31_2\">Tel\u00e9fono<span class=\"required\">*<\/span><\/label><input name=\"kb_field_2\" id=\"kb_field_5_d31f75-31_2\" data-label=\"Telephone\" type=\"tel\" placeholder=\"\" value=\"\" data-type=\"tel\" class=\"kb-field kb-text-style-field kb-tel-field kb-field-2\" data-required=\"yes\"\/><\/div><div class=\"kadence-blocks-form-field kb-form-field-3 kb-field-desk-width-50 kb-field-mobile-width-100 kb-input-size-standard\"><label for=\"kb_field_5_d31f75-31_3\">Sujeto<span class=\"required\">*<\/span><\/label><input name=\"kb_field_3\" id=\"kb_field_5_d31f75-31_3\" data-label=\"Subject\" type=\"text\" placeholder=\"\" value=\"\" data-type=\"text\" class=\"kb-field kb-text-style-field kb-text-field kb-field-3\" data-required=\"yes\"\/><\/div><div class=\"kadence-blocks-form-field kb-form-field-4 kb-field-desk-width-100 kb-input-size-standard\"><label for=\"kb_field_5_d31f75-31_4\">Mensaje<span class=\"required\">*<\/span><\/label><textarea name=\"kb_field_4\" id=\"kb_field_5_d31f75-31_4\" data-label=\"Message\" type=\"textarea\" placeholder=\"\" data-type=\"textarea\" class=\"kb-field kb-text-style-field kb-textarea-field kb-field-4\" rows=\"4\" data-required=\"yes\"><\/textarea><\/div><input type=\"hidden\" name=\"_kb_form_id\" value=\"5_d31f75-31\"\/><input type=\"hidden\" name=\"_kb_form_post_id\" value=\"5\"\/><input type=\"hidden\" name=\"action\" value=\"kb_process_ajax_submit\"\/><label class=\"kadence-verify-label\">Correo electr\u00f3nico<input class=\"kadence-blocks-field verify\" type=\"text\" name=\"_kb_verify_email\" autocomplete=\"new-password\" aria-hidden=\"true\" placeholder=\"Correo electr\u00f3nico\" tabindex=\"-1\" data-1p-ignore=\"true\" data-lpignore=\"true\" \/><\/label><div class=\"kadence-blocks-form-field kb-submit-field kb-field-desk-width-100\"><button class=\"kb-forms-submit button kb-button-size-standard kb-button-width-auto\">Enviar mensaje<\/button><\/div><input type=\"hidden\" name=\"trp-form-language\" value=\"es\"\/><\/form><\/div>\n<noscript><div class=\"kadence-blocks-form-message kadence-blocks-form-warning\">Habilite JavaScript en su navegador para enviar el formulario.<\/div><style>.kadence-form-5_d31f75-31 .kadence-blocks-form-field.kb-submit-field { display: none; }<\/style><\/noscript><\/div><\/div>\n\n<\/div><\/div>","protected":false},"excerpt":{"rendered":"<p>Cont\u00e1ctanos. \u00bfTienes preguntas o quieres saber m\u00e1s sobre c\u00f3mo South of 6 puede apoyar tu negocio o proyecto? \u00a1Cont\u00e1ctanos hoy mismo!<\/p>","protected":false},"author":1,"featured_media":0,"parent":0,"menu_order":3,"comment_status":"closed","ping_status":"closed","template":"","meta":{"_acf_changed":false,"_kad_blocks_custom_css":"","_kad_blocks_head_custom_js":"","_kad_blocks_body_custom_js":"","_kad_blocks_footer_custom_js":"","_EventAllDay":false,"_EventTimezone":"","_EventStartDate":"","_EventEndDate":"","_EventStartDateUTC":"","_EventEndDateUTC":"","_EventShowMap":false,"_EventShowMapLink":false,"_EventURL":"","_EventCost":"","_EventCostDescription":"","_EventCurrencySymbol":"","_EventCurrencyCode":"","_EventCurrencyPosition":"","_EventDateTimeSeparator":"","_EventTimeRangeSeparator":"","_EventOrganizerID":[],"_EventVenueID":[],"_OrganizerEmail":"","_OrganizerPhone":"","_OrganizerWebsite":"","_VenueAddress":"","_VenueCity":"","_VenueCountry":"","_VenueProvince":"","_VenueState":"","_VenueZip":"","_VenuePhone":"","_VenueURL":"","_VenueStateProvince":"","_VenueLat":"","_VenueLng":"","_VenueShowMap":false,"_VenueShowMapLink":false,"_kad_post_transparent":"disable","_kad_post_title":"hide","_kad_post_layout":"","_kad_post_sidebar_id":"","_kad_post_content_style":"","_kad_post_vertical_padding":"hide","_kad_post_feature":"","_kad_post_feature_position":"","_kad_post_header":false,"_kad_post_footer":false,"footnotes":""},"class_list":["post-5","page","type-page","status-publish","hentry"],"acf":[],"yoast_head":"<!-- This site is optimized with the Yoast SEO plugin v26.8 - https:\/\/yoast.com\/product\/yoast-seo-wordpress\/ -->\n<title>Contact - South of 6<\/title>\n<meta name=\"robots\" content=\"index, follow, max-snippet:-1, max-image-preview:large, max-video-preview:-1\" \/>\n<link rel=\"canonical\" href=\"https:\/\/southof6.org\/es\/contact-us\/\" \/>\n<meta property=\"og:locale\" content=\"es_MX\" \/>\n<meta property=\"og:type\" content=\"article\" \/>\n<meta property=\"og:title\" content=\"Contact - South of 6\" \/>\n<meta property=\"og:description\" content=\"Get in Touch Have questions or want to learn more about how South of 6 can support your business or project? Contact us today!\" \/>\n<meta property=\"og:url\" content=\"https:\/\/southof6.org\/es\/contact-us\/\" \/>\n<meta property=\"og:site_name\" content=\"South of 6\" \/>\n<meta property=\"article:modified_time\" content=\"2025-02-27T21:23:51+00:00\" \/>\n<meta name=\"twitter:card\" content=\"summary_large_image\" \/>\n<script type=\"application\/ld+json\" class=\"yoast-schema-graph\">{\"@context\":\"https:\/\/schema.org\",\"@graph\":[{\"@type\":\"WebPage\",\"@id\":\"https:\/\/southof6.org\/contact-us\/\",\"url\":\"https:\/\/southof6.org\/contact-us\/\",\"name\":\"Contact - South of 6\",\"isPartOf\":{\"@id\":\"https:\/\/southof6.org\/#website\"},\"datePublished\":\"2018-09-12T06:15:32+00:00\",\"dateModified\":\"2025-02-27T21:23:51+00:00\",\"breadcrumb\":{\"@id\":\"https:\/\/southof6.org\/contact-us\/#breadcrumb\"},\"inLanguage\":\"es\",\"potentialAction\":[{\"@type\":\"ReadAction\",\"target\":[\"https:\/\/southof6.org\/contact-us\/\"]}]},{\"@type\":\"BreadcrumbList\",\"@id\":\"https:\/\/southof6.org\/contact-us\/#breadcrumb\",\"itemListElement\":[{\"@type\":\"ListItem\",\"position\":1,\"name\":\"Home\",\"item\":\"https:\/\/southof6.org\/\"},{\"@type\":\"ListItem\",\"position\":2,\"name\":\"Contact\"}]},{\"@type\":\"WebSite\",\"@id\":\"https:\/\/southof6.org\/#website\",\"url\":\"https:\/\/southof6.org\/\",\"name\":\"South of 6\",\"description\":\"\",\"publisher\":{\"@id\":\"https:\/\/southof6.org\/#organization\"},\"potentialAction\":[{\"@type\":\"SearchAction\",\"target\":{\"@type\":\"EntryPoint\",\"urlTemplate\":\"https:\/\/southof6.org\/?s={search_term_string}\"},\"query-input\":{\"@type\":\"PropertyValueSpecification\",\"valueRequired\":true,\"valueName\":\"search_term_string\"}}],\"inLanguage\":\"es\"},{\"@type\":\"Organization\",\"@id\":\"https:\/\/southof6.org\/#organization\",\"name\":\"South of 6\",\"url\":\"https:\/\/southof6.org\/\",\"logo\":{\"@type\":\"ImageObject\",\"inLanguage\":\"es\",\"@id\":\"https:\/\/southof6.org\/#\/schema\/logo\/image\/\",\"url\":\"https:\/\/southof6.org\/wp-content\/uploads\/2025\/02\/South_of_6_Business-11.png\",\"contentUrl\":\"https:\/\/southof6.org\/wp-content\/uploads\/2025\/02\/South_of_6_Business-11.png\",\"width\":1090,\"height\":800,\"caption\":\"South of 6\"},\"image\":{\"@id\":\"https:\/\/southof6.org\/#\/schema\/logo\/image\/\"}}]}<\/script>\n<!-- \/ Yoast SEO plugin. -->","yoast_head_json":{"title":"Contacto - Sur de 6","robots":{"index":"index","follow":"follow","max-snippet":"max-snippet:-1","max-image-preview":"max-image-preview:large","max-video-preview":"max-video-preview:-1"},"canonical":"https:\/\/southof6.org\/es\/contact-us\/","og_locale":"es_MX","og_type":"article","og_title":"Contact - South of 6","og_description":"Get in Touch Have questions or want to learn more about how South of 6 can support your business or project? Contact us today!","og_url":"https:\/\/southof6.org\/es\/contact-us\/","og_site_name":"South of 6","article_modified_time":"2025-02-27T21:23:51+00:00","twitter_card":"summary_large_image","schema":{"@context":"https:\/\/schema.org","@graph":[{"@type":"WebPage","@id":"https:\/\/southof6.org\/contact-us\/","url":"https:\/\/southof6.org\/contact-us\/","name":"Contacto - Sur de 6","isPartOf":{"@id":"https:\/\/southof6.org\/#website"},"datePublished":"2018-09-12T06:15:32+00:00","dateModified":"2025-02-27T21:23:51+00:00","breadcrumb":{"@id":"https:\/\/southof6.org\/contact-us\/#breadcrumb"},"inLanguage":"es","potentialAction":[{"@type":"ReadAction","target":["https:\/\/southof6.org\/contact-us\/"]}]},{"@type":"BreadcrumbList","@id":"https:\/\/southof6.org\/contact-us\/#breadcrumb","itemListElement":[{"@type":"ListItem","position":1,"name":"Home","item":"https:\/\/southof6.org\/"},{"@type":"ListItem","position":2,"name":"Contact"}]},{"@type":"WebSite","@id":"https:\/\/southof6.org\/#website","url":"https:\/\/southof6.org\/","name":"Al sur de 6","description":"","publisher":{"@id":"https:\/\/southof6.org\/#organization"},"potentialAction":[{"@type":"SearchAction","target":{"@type":"EntryPoint","urlTemplate":"https:\/\/southof6.org\/?s={search_term_string}"},"query-input":{"@type":"PropertyValueSpecification","valueRequired":true,"valueName":"search_term_string"}}],"inLanguage":"es"},{"@type":"Organization","@id":"https:\/\/southof6.org\/#organization","name":"Al sur de 6","url":"https:\/\/southof6.org\/","logo":{"@type":"ImageObject","inLanguage":"es","@id":"https:\/\/southof6.org\/#\/schema\/logo\/image\/","url":"https:\/\/southof6.org\/wp-content\/uploads\/2025\/02\/South_of_6_Business-11.png","contentUrl":"https:\/\/southof6.org\/wp-content\/uploads\/2025\/02\/South_of_6_Business-11.png","width":1090,"height":800,"caption":"South of 6"},"image":{"@id":"https:\/\/southof6.org\/#\/schema\/logo\/image\/"}}]}},"taxonomy_info":[],"featured_image_src_large":false,"author_info":{"display_name":"Director@southof6.org","author_link":"https:\/\/southof6.org\/es\/author\/directorsouthof6-org\/"},"comment_info":0,"_links":{"self":[{"href":"https:\/\/southof6.org\/es\/wp-json\/wp\/v2\/pages\/5","targetHints":{"allow":["GET"]}}],"collection":[{"href":"https:\/\/southof6.org\/es\/wp-json\/wp\/v2\/pages"}],"about":[{"href":"https:\/\/southof6.org\/es\/wp-json\/wp\/v2\/types\/page"}],"author":[{"embeddable":true,"href":"https:\/\/southof6.org\/es\/wp-json\/wp\/v2\/users\/1"}],"replies":[{"embeddable":true,"href":"https:\/\/southof6.org\/es\/wp-json\/wp\/v2\/comments?post=5"}],"version-history":[{"count":7,"href":"https:\/\/southof6.org\/es\/wp-json\/wp\/v2\/pages\/5\/revisions"}],"predecessor-version":[{"id":1064,"href":"https:\/\/southof6.org\/es\/wp-json\/wp\/v2\/pages\/5\/revisions\/1064"}],"wp:attachment":[{"href":"https:\/\/southof6.org\/es\/wp-json\/wp\/v2\/media?parent=5"}],"curies":[{"name":"gracias","href":"https:\/\/api.w.org\/{rel}","templated":true}]}}