{"id":742,"date":"2025-02-28T18:13:43","date_gmt":"2025-02-28T18:13:43","guid":{"rendered":"https:\/\/mauriced20.sg-host.com\/?page_id=742"},"modified":"2025-03-02T22:14:07","modified_gmt":"2025-03-02T22:14:07","slug":"south-of-6-accessibility-statement","status":"publish","type":"page","link":"https:\/\/southof6.org\/es\/privacy-policy\/south-of-6-accessibility-statement\/","title":{"rendered":"Declaraci\u00f3n de accesibilidad de South of 6"},"content":{"rendered":"<p>Actualizado: febrero de 2025.<\/p>\n\n\n\n<h2 class=\"wp-block-heading\"><strong>General<\/strong><\/h2>\n\n\n\n<p><br>South of 6 se esfuerza por garantizar que sus servicios sean accesibles para las personas con discapacidades. South of 6 ha invertido una cantidad significativa de recursos para garantizar que su sitio web sea m\u00e1s f\u00e1cil de usar y m\u00e1s accesible para las personas con discapacidades, con la firme convicci\u00f3n de que todas las personas tienen derecho a vivir con dignidad, igualdad, comodidad e independencia.<\/p>\n\n\n\n<h2 class=\"wp-block-heading\">Accesibilidad en Southof6.org<\/h2>\n\n\n\n<p><br>Southof6.org pone a disposici\u00f3n la <a href=\"https:\/\/UserWay.org\">Widget de accesibilidad del sitio web UserWay <\/a>que funciona con un servidor de accesibilidad dedicado. El software permite a Southof6.org mejorar su cumplimiento con las Pautas de Accesibilidad al Contenido Web (WCAG 2.1).<\/p>\n\n\n\n<h2 class=\"wp-block-heading\">Habilitar el men\u00fa de accesibilidad<\/h2>\n\n\n\n<p><br>El men\u00fa de accesibilidad de Southof6.org se puede habilitar presionando la tecla de tabulaci\u00f3n cuando se carga la p\u00e1gina por primera vez o haciendo clic en el \u00edcono del men\u00fa de accesibilidad que aparece en la esquina de la p\u00e1gina. Despu\u00e9s de activar el men\u00fa de accesibilidad, espere un momento hasta que se cargue por completo.<br><\/p>\n\n\n\n<h2 class=\"wp-block-heading\">Descargo de responsabilidad<\/h2>\n\n\n\n<p>South of 6 contin\u00faa sus esfuerzos para mejorar constantemente la accesibilidad de su sitio y sus servicios en la creencia de que es nuestra obligaci\u00f3n moral colectiva permitir un uso fluido, accesible y sin obst\u00e1culos tambi\u00e9n para aquellos de nosotros con discapacidades.<br><br>En un esfuerzo continuo por mejorar y remediar continuamente los problemas de accesibilidad, tambi\u00e9n escaneamos peri\u00f3dicamente Southof6.org con UserWay. <a href=\"https:\/\/UserWay.org\/scanner\">Esc\u00e1ner de accesibilidad<\/a> Identificar y solucionar todas las posibles barreras de accesibilidad en nuestro sitio.<\/p>\n\n\n\n<p><br>A pesar de nuestros esfuerzos por hacer que todas las p\u00e1ginas y contenidos de Southof6.org sean totalmente accesibles, es posible que algunos contenidos a\u00fan no se hayan adaptado por completo a los est\u00e1ndares de accesibilidad m\u00e1s estrictos. Esto puede deberse a que no se ha encontrado o identificado la soluci\u00f3n tecnol\u00f3gica m\u00e1s adecuada.<br><\/p>\n\n\n\n<h2 class=\"wp-block-heading\">Aqu\u00ed para ti<\/h2>\n\n\n\n<p>Si tiene dificultades con alg\u00fan contenido de Southof6.org o necesita ayuda con alguna parte de nuestro sitio, comun\u00edquese con nosotros y estaremos encantados de ayudarlo.<\/p>\n\n\n\n<h2 class=\"wp-block-heading\">Cont\u00e1ctenos<\/h2>\n\n\n\n<p>Si desea informar un problema de accesibilidad, tiene alguna pregunta o necesita ayuda, comun\u00edquese con el servicio de atenci\u00f3n al cliente de South of 6 de la siguiente manera:<br><br>Correo electr\u00f3nico: <a href=\"mailto:director@southof6.org\">director@southof6.org<\/a><br>Tel\u00e9fono: <a href=\"tel:3199810411\">3199810411<\/a><\/p>","protected":false},"excerpt":{"rendered":"<p>Updated: February 2025. General South of 6 strives to ensure that its services are accessible to people with disabilities. South of 6 has invested a significant amount of resources to&#8230;<\/p>","protected":false},"author":1,"featured_media":0,"parent":750,"menu_order":10,"comment_status":"closed","ping_status":"closed","template":"","meta":{"_acf_changed":false,"_kad_blocks_custom_css":"","_kad_blocks_head_custom_js":"","_kad_blocks_body_custom_js":"","_kad_blocks_footer_custom_js":"","_EventAllDay":false,"_EventTimezone":"","_EventStartDate":"","_EventEndDate":"","_EventStartDateUTC":"","_EventEndDateUTC":"","_EventShowMap":false,"_EventShowMapLink":false,"_EventURL":"","_EventCost":"","_EventCostDescription":"","_EventCurrencySymbol":"","_EventCurrencyCode":"","_EventCurrencyPosition":"","_EventDateTimeSeparator":"","_EventTimeRangeSeparator":"","_EventOrganizerID":[],"_EventVenueID":[],"_OrganizerEmail":"","_OrganizerPhone":"","_OrganizerWebsite":"","_VenueAddress":"","_VenueCity":"","_VenueCountry":"","_VenueProvince":"","_VenueState":"","_VenueZip":"","_VenuePhone":"","_VenueURL":"","_VenueStateProvince":"","_VenueLat":"","_VenueLng":"","_VenueShowMap":false,"_VenueShowMapLink":false,"_kad_post_transparent":"","_kad_post_title":"","_kad_post_layout":"","_kad_post_sidebar_id":"","_kad_post_content_style":"","_kad_post_vertical_padding":"","_kad_post_feature":"","_kad_post_feature_position":"","_kad_post_header":false,"_kad_post_footer":false,"footnotes":""},"class_list":["post-742","page","type-page","status-publish","hentry"],"acf":[],"yoast_head":"<!-- This site is optimized with the Yoast SEO plugin v26.8 - https:\/\/yoast.com\/product\/yoast-seo-wordpress\/ -->\n<title>South of 6 Accessibility Statement - South of 6<\/title>\n<meta name=\"robots\" content=\"index, follow, max-snippet:-1, max-image-preview:large, max-video-preview:-1\" \/>\n<link rel=\"canonical\" href=\"https:\/\/southof6.org\/es\/privacy-policy\/south-of-6-accessibility-statement\/\" \/>\n<meta property=\"og:locale\" content=\"es_MX\" \/>\n<meta property=\"og:type\" content=\"article\" \/>\n<meta property=\"og:title\" content=\"South of 6 Accessibility Statement - South of 6\" \/>\n<meta property=\"og:description\" content=\"Updated: February 2025. General South of 6 strives to ensure that its services are accessible to people with disabilities. South of 6 has invested a significant amount of resources to...\" \/>\n<meta property=\"og:url\" content=\"https:\/\/southof6.org\/es\/privacy-policy\/south-of-6-accessibility-statement\/\" \/>\n<meta property=\"og:site_name\" content=\"South of 6\" \/>\n<meta property=\"article:modified_time\" content=\"2025-03-02T22:14:07+00:00\" \/>\n<meta name=\"twitter:card\" content=\"summary_large_image\" \/>\n<meta name=\"twitter:label1\" content=\"Tiempo de lectura\" \/>\n\t<meta name=\"twitter:data1\" content=\"2 minutos\" \/>\n<script type=\"application\/ld+json\" class=\"yoast-schema-graph\">{\"@context\":\"https:\/\/schema.org\",\"@graph\":[{\"@type\":\"WebPage\",\"@id\":\"https:\/\/southof6.org\/privacy-policy\/south-of-6-accessibility-statement\/\",\"url\":\"https:\/\/southof6.org\/privacy-policy\/south-of-6-accessibility-statement\/\",\"name\":\"South of 6 Accessibility Statement - South of 6\",\"isPartOf\":{\"@id\":\"https:\/\/southof6.org\/#website\"},\"datePublished\":\"2025-02-28T18:13:43+00:00\",\"dateModified\":\"2025-03-02T22:14:07+00:00\",\"breadcrumb\":{\"@id\":\"https:\/\/southof6.org\/privacy-policy\/south-of-6-accessibility-statement\/#breadcrumb\"},\"inLanguage\":\"es\",\"potentialAction\":[{\"@type\":\"ReadAction\",\"target\":[\"https:\/\/southof6.org\/privacy-policy\/south-of-6-accessibility-statement\/\"]}]},{\"@type\":\"BreadcrumbList\",\"@id\":\"https:\/\/southof6.org\/privacy-policy\/south-of-6-accessibility-statement\/#breadcrumb\",\"itemListElement\":[{\"@type\":\"ListItem\",\"position\":1,\"name\":\"Home\",\"item\":\"https:\/\/southof6.org\/\"},{\"@type\":\"ListItem\",\"position\":2,\"name\":\"Privacy Policy\",\"item\":\"https:\/\/southof6.org\/privacy-policy\/\"},{\"@type\":\"ListItem\",\"position\":3,\"name\":\"South of 6 Accessibility Statement\"}]},{\"@type\":\"WebSite\",\"@id\":\"https:\/\/southof6.org\/#website\",\"url\":\"https:\/\/southof6.org\/\",\"name\":\"South of 6\",\"description\":\"\",\"publisher\":{\"@id\":\"https:\/\/southof6.org\/#organization\"},\"potentialAction\":[{\"@type\":\"SearchAction\",\"target\":{\"@type\":\"EntryPoint\",\"urlTemplate\":\"https:\/\/southof6.org\/?s={search_term_string}\"},\"query-input\":{\"@type\":\"PropertyValueSpecification\",\"valueRequired\":true,\"valueName\":\"search_term_string\"}}],\"inLanguage\":\"es\"},{\"@type\":\"Organization\",\"@id\":\"https:\/\/southof6.org\/#organization\",\"name\":\"South of 6\",\"url\":\"https:\/\/southof6.org\/\",\"logo\":{\"@type\":\"ImageObject\",\"inLanguage\":\"es\",\"@id\":\"https:\/\/southof6.org\/#\/schema\/logo\/image\/\",\"url\":\"https:\/\/southof6.org\/wp-content\/uploads\/2025\/02\/South_of_6_Business-11.png\",\"contentUrl\":\"https:\/\/southof6.org\/wp-content\/uploads\/2025\/02\/South_of_6_Business-11.png\",\"width\":1090,\"height\":800,\"caption\":\"South of 6\"},\"image\":{\"@id\":\"https:\/\/southof6.org\/#\/schema\/logo\/image\/\"}}]}<\/script>\n<!-- \/ Yoast SEO plugin. -->","yoast_head_json":{"title":"South of 6 Accessibility Statement - South of 6","robots":{"index":"index","follow":"follow","max-snippet":"max-snippet:-1","max-image-preview":"max-image-preview:large","max-video-preview":"max-video-preview:-1"},"canonical":"https:\/\/southof6.org\/es\/privacy-policy\/south-of-6-accessibility-statement\/","og_locale":"es_MX","og_type":"article","og_title":"South of 6 Accessibility Statement - South of 6","og_description":"Updated: February 2025. General South of 6 strives to ensure that its services are accessible to people with disabilities. South of 6 has invested a significant amount of resources to...","og_url":"https:\/\/southof6.org\/es\/privacy-policy\/south-of-6-accessibility-statement\/","og_site_name":"South of 6","article_modified_time":"2025-03-02T22:14:07+00:00","twitter_card":"summary_large_image","twitter_misc":{"Tiempo de lectura":"2 minutos"},"schema":{"@context":"https:\/\/schema.org","@graph":[{"@type":"WebPage","@id":"https:\/\/southof6.org\/privacy-policy\/south-of-6-accessibility-statement\/","url":"https:\/\/southof6.org\/privacy-policy\/south-of-6-accessibility-statement\/","name":"South of 6 Accessibility Statement - South of 6","isPartOf":{"@id":"https:\/\/southof6.org\/#website"},"datePublished":"2025-02-28T18:13:43+00:00","dateModified":"2025-03-02T22:14:07+00:00","breadcrumb":{"@id":"https:\/\/southof6.org\/privacy-policy\/south-of-6-accessibility-statement\/#breadcrumb"},"inLanguage":"es","potentialAction":[{"@type":"ReadAction","target":["https:\/\/southof6.org\/privacy-policy\/south-of-6-accessibility-statement\/"]}]},{"@type":"BreadcrumbList","@id":"https:\/\/southof6.org\/privacy-policy\/south-of-6-accessibility-statement\/#breadcrumb","itemListElement":[{"@type":"ListItem","position":1,"name":"Home","item":"https:\/\/southof6.org\/"},{"@type":"ListItem","position":2,"name":"Privacy Policy","item":"https:\/\/southof6.org\/privacy-policy\/"},{"@type":"ListItem","position":3,"name":"South of 6 Accessibility Statement"}]},{"@type":"WebSite","@id":"https:\/\/southof6.org\/#website","url":"https:\/\/southof6.org\/","name":"Al sur de 6","description":"","publisher":{"@id":"https:\/\/southof6.org\/#organization"},"potentialAction":[{"@type":"SearchAction","target":{"@type":"EntryPoint","urlTemplate":"https:\/\/southof6.org\/?s={search_term_string}"},"query-input":{"@type":"PropertyValueSpecification","valueRequired":true,"valueName":"search_term_string"}}],"inLanguage":"es"},{"@type":"Organization","@id":"https:\/\/southof6.org\/#organization","name":"Al sur de 6","url":"https:\/\/southof6.org\/","logo":{"@type":"ImageObject","inLanguage":"es","@id":"https:\/\/southof6.org\/#\/schema\/logo\/image\/","url":"https:\/\/southof6.org\/wp-content\/uploads\/2025\/02\/South_of_6_Business-11.png","contentUrl":"https:\/\/southof6.org\/wp-content\/uploads\/2025\/02\/South_of_6_Business-11.png","width":1090,"height":800,"caption":"South of 6"},"image":{"@id":"https:\/\/southof6.org\/#\/schema\/logo\/image\/"}}]}},"taxonomy_info":[],"featured_image_src_large":false,"author_info":{"display_name":"Director@southof6.org","author_link":"https:\/\/southof6.org\/es\/author\/directorsouthof6-org\/"},"comment_info":0,"_links":{"self":[{"href":"https:\/\/southof6.org\/es\/wp-json\/wp\/v2\/pages\/742","targetHints":{"allow":["GET"]}}],"collection":[{"href":"https:\/\/southof6.org\/es\/wp-json\/wp\/v2\/pages"}],"about":[{"href":"https:\/\/southof6.org\/es\/wp-json\/wp\/v2\/types\/page"}],"author":[{"embeddable":true,"href":"https:\/\/southof6.org\/es\/wp-json\/wp\/v2\/users\/1"}],"replies":[{"embeddable":true,"href":"https:\/\/southof6.org\/es\/wp-json\/wp\/v2\/comments?post=742"}],"version-history":[{"count":3,"href":"https:\/\/southof6.org\/es\/wp-json\/wp\/v2\/pages\/742\/revisions"}],"predecessor-version":[{"id":745,"href":"https:\/\/southof6.org\/es\/wp-json\/wp\/v2\/pages\/742\/revisions\/745"}],"up":[{"embeddable":true,"href":"https:\/\/southof6.org\/es\/wp-json\/wp\/v2\/pages\/750"}],"wp:attachment":[{"href":"https:\/\/southof6.org\/es\/wp-json\/wp\/v2\/media?parent=742"}],"curies":[{"name":"gracias","href":"https:\/\/api.w.org\/{rel}","templated":true}]}}